{"id":744,"date":"2014-03-13T09:24:39","date_gmt":"2014-03-13T09:24:39","guid":{"rendered":"http:\/\/vdala.four.fantasmo.se\/start-2-2\/"},"modified":"2026-03-26T12:43:30","modified_gmt":"2026-03-26T11:43:30","slug":"v-dala-nation","status":"publish","type":"page","link":"https:\/\/mail.v-dala.se.hemsida.eu\/en\/","title":{"rendered":"V-Dala Nation"},"content":{"rendered":"","protected":false},"excerpt":{"rendered":"","protected":false},"author":7,"featured_media":0,"parent":0,"menu_order":0,"comment_status":"open","ping_status":"open","template":"front-page.php","meta":{"footnotes":""},"acf":[],"yoast_head":"<!-- This site is optimized with the Yoast SEO plugin v21.4 - https:\/\/yoast.com\/wordpress\/plugins\/seo\/ -->\n<title>The student nation with the most accommodation | V-Dala nation<\/title>\n<meta name=\"robots\" content=\"index, follow, max-snippet:-1, max-image-preview:large, max-video-preview:-1\" \/>\n<link rel=\"canonical\" href=\"https:\/\/www.v-dala.se.hemsida.eu\/en\/\" \/>\n<meta property=\"og:locale\" content=\"en_US\" \/>\n<meta property=\"og:type\" content=\"article\" \/>\n<meta property=\"og:title\" content=\"The student nation with the most accommodation | V-Dala nation\" \/>\n<meta property=\"og:url\" content=\"https:\/\/www.v-dala.se.hemsida.eu\/en\/\" \/>\n<meta property=\"og:site_name\" content=\"V-Dala nation\" \/>\n<meta property=\"article:modified_time\" content=\"2026-03-26T11:43:30+00:00\" \/>\n<meta name=\"twitter:card\" content=\"summary_large_image\" \/>\n<script type=\"application\/ld+json\" class=\"yoast-schema-graph\">{\"@context\":\"https:\/\/schema.org\",\"@graph\":[{\"@type\":\"WebPage\",\"@id\":\"https:\/\/www.v-dala.se.hemsida.eu\/en\/\",\"url\":\"https:\/\/www.v-dala.se.hemsida.eu\/en\/\",\"name\":\"The student nation with the most accommodation | V-Dala nation\",\"isPartOf\":{\"@id\":\"https:\/\/www.v-dala.se.hemsida.eu\/#website\"},\"datePublished\":\"2014-03-13T09:24:39+00:00\",\"dateModified\":\"2026-03-26T11:43:30+00:00\",\"breadcrumb\":{\"@id\":\"https:\/\/www.v-dala.se.hemsida.eu\/en\/#breadcrumb\"},\"inLanguage\":\"en-US\",\"potentialAction\":[{\"@type\":\"ReadAction\",\"target\":[\"https:\/\/www.v-dala.se.hemsida.eu\/en\/\"]}]},{\"@type\":\"BreadcrumbList\",\"@id\":\"https:\/\/www.v-dala.se.hemsida.eu\/en\/#breadcrumb\",\"itemListElement\":[{\"@type\":\"ListItem\",\"position\":1,\"name\":\"Hem\",\"item\":\"https:\/\/www.v-dala.se.hemsida.eu\/en\/\"},{\"@type\":\"ListItem\",\"position\":2,\"name\":\"V-Dala Nation\"}]},{\"@type\":\"WebSite\",\"@id\":\"https:\/\/www.v-dala.se.hemsida.eu\/#website\",\"url\":\"https:\/\/www.v-dala.se.hemsida.eu\/\",\"name\":\"V-Dala nation\",\"description\":\"V\u00e4stmanlands-Dala Nation f\u00f6r Studenternas Nytta och N\u00f6je - sedan 1639\",\"potentialAction\":[{\"@type\":\"SearchAction\",\"target\":{\"@type\":\"EntryPoint\",\"urlTemplate\":\"https:\/\/www.v-dala.se.hemsida.eu\/?s={search_term_string}\"},\"query-input\":\"required name=search_term_string\"}],\"inLanguage\":\"en-US\"}]}<\/script>\n<!-- \/ Yoast SEO plugin. -->","yoast_head_json":{"title":"The student nation with the most accommodation | V-Dala nation","robots":{"index":"index","follow":"follow","max-snippet":"max-snippet:-1","max-image-preview":"max-image-preview:large","max-video-preview":"max-video-preview:-1"},"canonical":"https:\/\/www.v-dala.se.hemsida.eu\/en\/","og_locale":"en_US","og_type":"article","og_title":"The student nation with the most accommodation | V-Dala nation","og_url":"https:\/\/www.v-dala.se.hemsida.eu\/en\/","og_site_name":"V-Dala nation","article_modified_time":"2026-03-26T11:43:30+00:00","twitter_card":"summary_large_image","schema":{"@context":"https:\/\/schema.org","@graph":[{"@type":"WebPage","@id":"https:\/\/www.v-dala.se.hemsida.eu\/en\/","url":"https:\/\/www.v-dala.se.hemsida.eu\/en\/","name":"The student nation with the most accommodation | V-Dala nation","isPartOf":{"@id":"https:\/\/www.v-dala.se.hemsida.eu\/#website"},"datePublished":"2014-03-13T09:24:39+00:00","dateModified":"2026-03-26T11:43:30+00:00","breadcrumb":{"@id":"https:\/\/www.v-dala.se.hemsida.eu\/en\/#breadcrumb"},"inLanguage":"en-US","potentialAction":[{"@type":"ReadAction","target":["https:\/\/www.v-dala.se.hemsida.eu\/en\/"]}]},{"@type":"BreadcrumbList","@id":"https:\/\/www.v-dala.se.hemsida.eu\/en\/#breadcrumb","itemListElement":[{"@type":"ListItem","position":1,"name":"Hem","item":"https:\/\/www.v-dala.se.hemsida.eu\/en\/"},{"@type":"ListItem","position":2,"name":"V-Dala Nation"}]},{"@type":"WebSite","@id":"https:\/\/www.v-dala.se.hemsida.eu\/#website","url":"https:\/\/www.v-dala.se.hemsida.eu\/","name":"V-Dala nation","description":"V\u00e4stmanlands-Dala Nation f\u00f6r Studenternas Nytta och N\u00f6je - sedan 1639","potentialAction":[{"@type":"SearchAction","target":{"@type":"EntryPoint","urlTemplate":"https:\/\/www.v-dala.se.hemsida.eu\/?s={search_term_string}"},"query-input":"required name=search_term_string"}],"inLanguage":"en-US"}]}},"_links":{"self":[{"href":"https:\/\/mail.v-dala.se.hemsida.eu\/en\/wp-json\/wp\/v2\/pages\/744"}],"collection":[{"href":"https:\/\/mail.v-dala.se.hemsida.eu\/en\/wp-json\/wp\/v2\/pages"}],"about":[{"href":"https:\/\/mail.v-dala.se.hemsida.eu\/en\/wp-json\/wp\/v2\/types\/page"}],"author":[{"embeddable":true,"href":"https:\/\/mail.v-dala.se.hemsida.eu\/en\/wp-json\/wp\/v2\/users\/7"}],"replies":[{"embeddable":true,"href":"https:\/\/mail.v-dala.se.hemsida.eu\/en\/wp-json\/wp\/v2\/comments?post=744"}],"version-history":[{"count":65,"href":"https:\/\/mail.v-dala.se.hemsida.eu\/en\/wp-json\/wp\/v2\/pages\/744\/revisions"}],"predecessor-version":[{"id":36384,"href":"https:\/\/mail.v-dala.se.hemsida.eu\/en\/wp-json\/wp\/v2\/pages\/744\/revisions\/36384"}],"wp:attachment":[{"href":"https:\/\/mail.v-dala.se.hemsida.eu\/en\/wp-json\/wp\/v2\/media?parent=744"}],"curies":[{"name":"wp","href":"https:\/\/api.w.org\/{rel}","templated":true}]}}