{"id":55,"date":"2014-03-14T14:46:52","date_gmt":"2014-03-14T14:46:52","guid":{"rendered":"http:\/\/vdala.four.fantasmo.se\/?page_id=55"},"modified":"2025-11-06T05:24:21","modified_gmt":"2025-11-06T04:24:21","slug":"about-the-nation","status":"publish","type":"page","link":"https:\/\/mail.v-dala.se.hemsida.eu\/en\/about-the-nation\/","title":{"rendered":"About the Nation"},"content":{"rendered":"<p style=\"color: #4f4f4f;\">The Nation&#8217;s idea is as simple as it is brilliant &#8211;\u00a0students working for students. No one knows what a student needs apart from the students themselves, which is why the Nations can offer,\u00a0if not everything, then at least most of what Uppsala&#8217;s students need.\u00a0Not only do students who volunteer to help out at the nation gain important experience and have something impressive to put on their resum\u00e9s, they also get to enjoy their time at the university far more than they could have expected.<\/p>\n<p style=\"color: #4f4f4f;\">Select <em>About the nation<\/em> in the menu to learn more &#8211;\u00a0\u00a0our history, our organization,\u00a0our officials, functionaries and so much more.\u00a0If you have any questions, you are always welcome to contact the <a href=\"https:\/\/v-dala.se\/en\/contacts\/\">F\u00f6rste kurator<\/a>.<\/p>\n<p>&nbsp;<\/p>\n","protected":false},"excerpt":{"rendered":"The Nation&#8217;s idea is as simple as it is brilliant &#8211;\u00a0students working for students. No one knows what a student needs apart from the students themselves, which is why the Nations can offer,\u00a0if not everything, then at least most of what Uppsala&#8217;s students need.\u00a0Not only do students who volunteer to help out at the nation&#8230;","protected":false},"author":6,"featured_media":0,"parent":0,"menu_order":0,"comment_status":"open","ping_status":"open","template":"","meta":{"footnotes":""},"acf":[],"yoast_head":"<!-- This site is optimized with the Yoast SEO plugin v21.4 - https:\/\/yoast.com\/wordpress\/plugins\/seo\/ -->\n<title>About the Nation - V-Dala nation<\/title>\n<meta name=\"robots\" content=\"index, follow, max-snippet:-1, max-image-preview:large, max-video-preview:-1\" \/>\n<link rel=\"canonical\" href=\"https:\/\/v-dala.se\/en\/about-the-nation\/\" \/>\n<meta property=\"og:locale\" content=\"en_US\" \/>\n<meta property=\"og:type\" content=\"article\" \/>\n<meta property=\"og:title\" content=\"About the Nation - V-Dala nation\" \/>\n<meta property=\"og:url\" content=\"https:\/\/v-dala.se\/en\/about-the-nation\/\" \/>\n<meta property=\"og:site_name\" content=\"V-Dala nation\" \/>\n<meta property=\"article:modified_time\" content=\"2025-11-06T04:24:21+00:00\" \/>\n<meta name=\"twitter:card\" content=\"summary_large_image\" \/>\n<meta name=\"twitter:label1\" content=\"Est. reading time\" \/>\n\t<meta name=\"twitter:data1\" content=\"1 minute\" \/>\n<script type=\"application\/ld+json\" class=\"yoast-schema-graph\">{\"@context\":\"https:\/\/schema.org\",\"@graph\":[{\"@type\":\"WebPage\",\"@id\":\"https:\/\/v-dala.se\/en\/about-the-nation\/\",\"url\":\"https:\/\/v-dala.se\/en\/about-the-nation\/\",\"name\":\"About the Nation - V-Dala nation\",\"isPartOf\":{\"@id\":\"https:\/\/mail.v-dala.se\/en\/#website\"},\"datePublished\":\"2014-03-14T14:46:52+00:00\",\"dateModified\":\"2025-11-06T04:24:21+00:00\",\"breadcrumb\":{\"@id\":\"https:\/\/v-dala.se\/en\/about-the-nation\/#breadcrumb\"},\"inLanguage\":\"en-US\",\"potentialAction\":[{\"@type\":\"ReadAction\",\"target\":[\"https:\/\/v-dala.se\/en\/about-the-nation\/\"]}]},{\"@type\":\"BreadcrumbList\",\"@id\":\"https:\/\/v-dala.se\/en\/about-the-nation\/#breadcrumb\",\"itemListElement\":[{\"@type\":\"ListItem\",\"position\":1,\"name\":\"Hem\",\"item\":\"https:\/\/mail.v-dala.se\/en\/\"},{\"@type\":\"ListItem\",\"position\":2,\"name\":\"About the Nation\"}]},{\"@type\":\"WebSite\",\"@id\":\"https:\/\/mail.v-dala.se\/en\/#website\",\"url\":\"https:\/\/mail.v-dala.se\/en\/\",\"name\":\"V-Dala nation\",\"description\":\"V\u00e4stmanlands-Dala Nation f\u00f6r Studenternas Nytta och N\u00f6je - sedan 1639\",\"potentialAction\":[{\"@type\":\"SearchAction\",\"target\":{\"@type\":\"EntryPoint\",\"urlTemplate\":\"https:\/\/mail.v-dala.se\/en\/?s={search_term_string}\"},\"query-input\":\"required name=search_term_string\"}],\"inLanguage\":\"en-US\"}]}<\/script>\n<!-- \/ Yoast SEO plugin. -->","yoast_head_json":{"title":"About the Nation - V-Dala nation","robots":{"index":"index","follow":"follow","max-snippet":"max-snippet:-1","max-image-preview":"max-image-preview:large","max-video-preview":"max-video-preview:-1"},"canonical":"https:\/\/v-dala.se\/en\/about-the-nation\/","og_locale":"en_US","og_type":"article","og_title":"About the Nation - V-Dala nation","og_url":"https:\/\/v-dala.se\/en\/about-the-nation\/","og_site_name":"V-Dala nation","article_modified_time":"2025-11-06T04:24:21+00:00","twitter_card":"summary_large_image","twitter_misc":{"Est. reading time":"1 minute"},"schema":{"@context":"https:\/\/schema.org","@graph":[{"@type":"WebPage","@id":"https:\/\/v-dala.se\/en\/about-the-nation\/","url":"https:\/\/v-dala.se\/en\/about-the-nation\/","name":"About the Nation - V-Dala nation","isPartOf":{"@id":"https:\/\/mail.v-dala.se\/en\/#website"},"datePublished":"2014-03-14T14:46:52+00:00","dateModified":"2025-11-06T04:24:21+00:00","breadcrumb":{"@id":"https:\/\/v-dala.se\/en\/about-the-nation\/#breadcrumb"},"inLanguage":"en-US","potentialAction":[{"@type":"ReadAction","target":["https:\/\/v-dala.se\/en\/about-the-nation\/"]}]},{"@type":"BreadcrumbList","@id":"https:\/\/v-dala.se\/en\/about-the-nation\/#breadcrumb","itemListElement":[{"@type":"ListItem","position":1,"name":"Hem","item":"https:\/\/mail.v-dala.se\/en\/"},{"@type":"ListItem","position":2,"name":"About the Nation"}]},{"@type":"WebSite","@id":"https:\/\/mail.v-dala.se\/en\/#website","url":"https:\/\/mail.v-dala.se\/en\/","name":"V-Dala nation","description":"V\u00e4stmanlands-Dala Nation f\u00f6r Studenternas Nytta och N\u00f6je - sedan 1639","potentialAction":[{"@type":"SearchAction","target":{"@type":"EntryPoint","urlTemplate":"https:\/\/mail.v-dala.se\/en\/?s={search_term_string}"},"query-input":"required name=search_term_string"}],"inLanguage":"en-US"}]}},"_links":{"self":[{"href":"https:\/\/mail.v-dala.se.hemsida.eu\/en\/wp-json\/wp\/v2\/pages\/55"}],"collection":[{"href":"https:\/\/mail.v-dala.se.hemsida.eu\/en\/wp-json\/wp\/v2\/pages"}],"about":[{"href":"https:\/\/mail.v-dala.se.hemsida.eu\/en\/wp-json\/wp\/v2\/types\/page"}],"author":[{"embeddable":true,"href":"https:\/\/mail.v-dala.se.hemsida.eu\/en\/wp-json\/wp\/v2\/users\/6"}],"replies":[{"embeddable":true,"href":"https:\/\/mail.v-dala.se.hemsida.eu\/en\/wp-json\/wp\/v2\/comments?post=55"}],"version-history":[{"count":3,"href":"https:\/\/mail.v-dala.se.hemsida.eu\/en\/wp-json\/wp\/v2\/pages\/55\/revisions"}],"predecessor-version":[{"id":35886,"href":"https:\/\/mail.v-dala.se.hemsida.eu\/en\/wp-json\/wp\/v2\/pages\/55\/revisions\/35886"}],"wp:attachment":[{"href":"https:\/\/mail.v-dala.se.hemsida.eu\/en\/wp-json\/wp\/v2\/media?parent=55"}],"curies":[{"name":"wp","href":"https:\/\/api.w.org\/{rel}","templated":true}]}}