{"id":1633,"date":"2014-06-10T14:10:38","date_gmt":"2014-06-10T12:10:38","guid":{"rendered":"http:\/\/vdala.snowbits.se\/?page_id=1633"},"modified":"2025-11-06T09:21:26","modified_gmt":"2025-11-06T08:21:26","slug":"joining-the-nation","status":"publish","type":"page","link":"https:\/\/mail.v-dala.se.hemsida.eu\/en\/membership\/joining-the-nation\/","title":{"rendered":"Joining the Nation"},"content":{"rendered":"<p>At the start of every semester, we hold registrations. This is a period during which we keep more generous office hours so that you can pop in and register. During the semesters, when registration is closed, you can join at the Curators&#8217; office, see below for opening hours. This is how registration is done:<\/p>\n<p class=\"blocknumber\"><span class=\"bignumber\" style=\"font-weight: bold; color: #ffffff;\">0<\/span>Come upstairs and join us in Falurummet. Bring your ID\/passport.<\/p>\n<p class=\"blocknumber\"><span class=\"bignumber\" style=\"font-weight: bold; color: #ffffff;\">02<\/span> You fill in a registration form, so that future V-Dalings can know that you have been a member. After that, you pay your Nation fee, which is 380 SEK.<\/p>\n<p>\u00a0 \u00a0 \u00a0 You can also become a member online at <a href=\"https:\/\/medlem.kuratorskonventet.se\/sv\">Medlem.Kuratorskonventet<\/a>. After you have registered you need to come by the nation to become authorised by showing ID and to till out the registration form.<\/p>\n<p class=\"blocknumber\"><span class=\"bignumber\" style=\"font-weight: bold; color: #ffffff;\">03<\/span>With everything filled in and paid, you are handed your temporary Nation card, making you free to visit Nation pubs, clubs and all that the Nations have to offer. You will get your Nation card in the Mecenatapp.<\/p>\n<p class=\"blocknumber\"><span class=\"bignumber\" style=\"font-weight: bold; color: #ffffff;\">04<\/span>A hectic period awaits! For new members, we arrange (among other things) pub crawls, a proper Welcome night and, to top it off, a Recentiorsgask. Welcome!<\/p>\n","protected":false},"excerpt":{"rendered":"At the start of every semester, we hold registrations. This is a period during which we keep more generous office hours so that you can pop in and register. During the semesters, when registration is closed, you can join at the Curators&#8217; office, see below for opening hours. This is how registration is done: 0Come&#8230;","protected":false},"author":29,"featured_media":0,"parent":61,"menu_order":0,"comment_status":"open","ping_status":"open","template":"","meta":{"footnotes":""},"acf":[],"yoast_head":"<!-- This site is optimized with the Yoast SEO plugin v21.4 - https:\/\/yoast.com\/wordpress\/plugins\/seo\/ -->\n<title>Joining the Nation - V-Dala nation<\/title>\n<meta name=\"robots\" content=\"index, follow, max-snippet:-1, max-image-preview:large, max-video-preview:-1\" \/>\n<link rel=\"canonical\" href=\"https:\/\/mail.v-dala.se.hemsida.eu\/en\/membership\/joining-the-nation\/\" \/>\n<meta property=\"og:locale\" content=\"en_US\" \/>\n<meta property=\"og:type\" content=\"article\" \/>\n<meta property=\"og:title\" content=\"Joining the Nation - V-Dala nation\" \/>\n<meta property=\"og:url\" content=\"https:\/\/mail.v-dala.se.hemsida.eu\/en\/membership\/joining-the-nation\/\" \/>\n<meta property=\"og:site_name\" content=\"V-Dala nation\" \/>\n<meta property=\"article:modified_time\" content=\"2025-11-06T08:21:26+00:00\" \/>\n<meta name=\"twitter:card\" content=\"summary_large_image\" \/>\n<meta name=\"twitter:label1\" content=\"Est. reading time\" \/>\n\t<meta name=\"twitter:data1\" content=\"1 minute\" \/>\n<script type=\"application\/ld+json\" class=\"yoast-schema-graph\">{\"@context\":\"https:\/\/schema.org\",\"@graph\":[{\"@type\":\"WebPage\",\"@id\":\"https:\/\/mail.v-dala.se.hemsida.eu\/en\/membership\/joining-the-nation\/\",\"url\":\"https:\/\/mail.v-dala.se.hemsida.eu\/en\/membership\/joining-the-nation\/\",\"name\":\"Joining the Nation - V-Dala nation\",\"isPartOf\":{\"@id\":\"https:\/\/mail.v-dala.se.hemsida.eu\/#website\"},\"datePublished\":\"2014-06-10T12:10:38+00:00\",\"dateModified\":\"2025-11-06T08:21:26+00:00\",\"breadcrumb\":{\"@id\":\"https:\/\/mail.v-dala.se.hemsida.eu\/en\/membership\/joining-the-nation\/#breadcrumb\"},\"inLanguage\":\"en-US\",\"potentialAction\":[{\"@type\":\"ReadAction\",\"target\":[\"https:\/\/mail.v-dala.se.hemsida.eu\/en\/membership\/joining-the-nation\/\"]}]},{\"@type\":\"BreadcrumbList\",\"@id\":\"https:\/\/mail.v-dala.se.hemsida.eu\/en\/membership\/joining-the-nation\/#breadcrumb\",\"itemListElement\":[{\"@type\":\"ListItem\",\"position\":1,\"name\":\"Hem\",\"item\":\"https:\/\/v-dala.se.hemsida.eu\/en\/\"},{\"@type\":\"ListItem\",\"position\":2,\"name\":\"Membership\",\"item\":\"https:\/\/www.v-dala.se.hemsida.eu\/en\/membership\/\"},{\"@type\":\"ListItem\",\"position\":3,\"name\":\"Joining the Nation\"}]},{\"@type\":\"WebSite\",\"@id\":\"https:\/\/mail.v-dala.se.hemsida.eu\/#website\",\"url\":\"https:\/\/mail.v-dala.se.hemsida.eu\/\",\"name\":\"V-Dala nation\",\"description\":\"V\u00e4stmanlands-Dala Nation f\u00f6r Studenternas Nytta och N\u00f6je - sedan 1639\",\"potentialAction\":[{\"@type\":\"SearchAction\",\"target\":{\"@type\":\"EntryPoint\",\"urlTemplate\":\"https:\/\/mail.v-dala.se.hemsida.eu\/?s={search_term_string}\"},\"query-input\":\"required name=search_term_string\"}],\"inLanguage\":\"en-US\"}]}<\/script>\n<!-- \/ Yoast SEO plugin. -->","yoast_head_json":{"title":"Joining the Nation - V-Dala nation","robots":{"index":"index","follow":"follow","max-snippet":"max-snippet:-1","max-image-preview":"max-image-preview:large","max-video-preview":"max-video-preview:-1"},"canonical":"https:\/\/mail.v-dala.se.hemsida.eu\/en\/membership\/joining-the-nation\/","og_locale":"en_US","og_type":"article","og_title":"Joining the Nation - V-Dala nation","og_url":"https:\/\/mail.v-dala.se.hemsida.eu\/en\/membership\/joining-the-nation\/","og_site_name":"V-Dala nation","article_modified_time":"2025-11-06T08:21:26+00:00","twitter_card":"summary_large_image","twitter_misc":{"Est. reading time":"1 minute"},"schema":{"@context":"https:\/\/schema.org","@graph":[{"@type":"WebPage","@id":"https:\/\/mail.v-dala.se.hemsida.eu\/en\/membership\/joining-the-nation\/","url":"https:\/\/mail.v-dala.se.hemsida.eu\/en\/membership\/joining-the-nation\/","name":"Joining the Nation - V-Dala nation","isPartOf":{"@id":"https:\/\/mail.v-dala.se.hemsida.eu\/#website"},"datePublished":"2014-06-10T12:10:38+00:00","dateModified":"2025-11-06T08:21:26+00:00","breadcrumb":{"@id":"https:\/\/mail.v-dala.se.hemsida.eu\/en\/membership\/joining-the-nation\/#breadcrumb"},"inLanguage":"en-US","potentialAction":[{"@type":"ReadAction","target":["https:\/\/mail.v-dala.se.hemsida.eu\/en\/membership\/joining-the-nation\/"]}]},{"@type":"BreadcrumbList","@id":"https:\/\/mail.v-dala.se.hemsida.eu\/en\/membership\/joining-the-nation\/#breadcrumb","itemListElement":[{"@type":"ListItem","position":1,"name":"Hem","item":"https:\/\/v-dala.se.hemsida.eu\/en\/"},{"@type":"ListItem","position":2,"name":"Membership","item":"https:\/\/www.v-dala.se.hemsida.eu\/en\/membership\/"},{"@type":"ListItem","position":3,"name":"Joining the Nation"}]},{"@type":"WebSite","@id":"https:\/\/mail.v-dala.se.hemsida.eu\/#website","url":"https:\/\/mail.v-dala.se.hemsida.eu\/","name":"V-Dala nation","description":"V\u00e4stmanlands-Dala Nation f\u00f6r Studenternas Nytta och N\u00f6je - sedan 1639","potentialAction":[{"@type":"SearchAction","target":{"@type":"EntryPoint","urlTemplate":"https:\/\/mail.v-dala.se.hemsida.eu\/?s={search_term_string}"},"query-input":"required name=search_term_string"}],"inLanguage":"en-US"}]}},"_links":{"self":[{"href":"https:\/\/mail.v-dala.se.hemsida.eu\/en\/wp-json\/wp\/v2\/pages\/1633"}],"collection":[{"href":"https:\/\/mail.v-dala.se.hemsida.eu\/en\/wp-json\/wp\/v2\/pages"}],"about":[{"href":"https:\/\/mail.v-dala.se.hemsida.eu\/en\/wp-json\/wp\/v2\/types\/page"}],"author":[{"embeddable":true,"href":"https:\/\/mail.v-dala.se.hemsida.eu\/en\/wp-json\/wp\/v2\/users\/29"}],"replies":[{"embeddable":true,"href":"https:\/\/mail.v-dala.se.hemsida.eu\/en\/wp-json\/wp\/v2\/comments?post=1633"}],"version-history":[{"count":7,"href":"https:\/\/mail.v-dala.se.hemsida.eu\/en\/wp-json\/wp\/v2\/pages\/1633\/revisions"}],"predecessor-version":[{"id":35945,"href":"https:\/\/mail.v-dala.se.hemsida.eu\/en\/wp-json\/wp\/v2\/pages\/1633\/revisions\/35945"}],"up":[{"embeddable":true,"href":"https:\/\/mail.v-dala.se.hemsida.eu\/en\/wp-json\/wp\/v2\/pages\/61"}],"wp:attachment":[{"href":"https:\/\/mail.v-dala.se.hemsida.eu\/en\/wp-json\/wp\/v2\/media?parent=1633"}],"curies":[{"name":"wp","href":"https:\/\/api.w.org\/{rel}","templated":true}]}}