{"id":1631,"date":"2014-06-10T13:59:46","date_gmt":"2014-06-10T11:59:46","guid":{"rendered":"http:\/\/vdala.snowbits.se\/?page_id=1631"},"modified":"2025-11-06T09:20:29","modified_gmt":"2025-11-06T08:20:29","slug":"membership-fee","status":"publish","type":"page","link":"https:\/\/mail.v-dala.se.hemsida.eu\/en\/membership\/membership-fee\/","title":{"rendered":"Membership fee"},"content":{"rendered":"<p>As a member of the nation, you are obliged to pay a tuition fee at the beginning of each semester. There are three ways to pay your membership fee:<\/p>\n<ul>\n<li>At the nation during the dispatching hours of the curator&#8217;s office or the enrolment office<\/li>\n<li>On <a href=\"https:\/\/medlem.kuratorskonventet.se\/sv\">Medlem.Kuratorskonventet<\/a><\/li>\n<li>If you are already a member of the nation, you will receive an email with payment information and later during the semester an invoice via, for example, Kivra. If you don&#8217;t receive an email with payment information, contact the Curators to make sure that you have the right email adress connented to your account.<\/li>\n<\/ul>\n<p>As proof that your fee is paid in full, you get your Nation card on the Mecenat-app. The Nation card is used together with a photo ID to take part in student life and to be allowed to sit exams. If your card does not arrive before the previous one expires, contact the Curators.<\/p>\n","protected":false},"excerpt":{"rendered":"As a member of the nation, you are obliged to pay a tuition fee at the beginning of each semester. There are three ways to pay your membership fee: At the nation during the dispatching hours of the curator&#8217;s office or the enrolment office On Medlem.Kuratorskonventet If you are already a member of the nation,&#8230;","protected":false},"author":29,"featured_media":0,"parent":61,"menu_order":0,"comment_status":"open","ping_status":"open","template":"","meta":{"footnotes":""},"acf":[],"yoast_head":"<!-- This site is optimized with the Yoast SEO plugin v21.4 - https:\/\/yoast.com\/wordpress\/plugins\/seo\/ -->\n<title>Membership fee - V-Dala nation<\/title>\n<meta name=\"robots\" content=\"index, follow, max-snippet:-1, max-image-preview:large, max-video-preview:-1\" \/>\n<link rel=\"canonical\" href=\"https:\/\/www.v-dala.se\/en\/membership\/membership-fee\/\" \/>\n<meta property=\"og:locale\" content=\"en_US\" \/>\n<meta property=\"og:type\" content=\"article\" \/>\n<meta property=\"og:title\" content=\"Membership fee - V-Dala nation\" \/>\n<meta property=\"og:url\" content=\"https:\/\/www.v-dala.se\/en\/membership\/membership-fee\/\" \/>\n<meta property=\"og:site_name\" content=\"V-Dala nation\" \/>\n<meta property=\"article:modified_time\" content=\"2025-11-06T08:20:29+00:00\" \/>\n<meta name=\"twitter:card\" content=\"summary_large_image\" \/>\n<meta name=\"twitter:label1\" content=\"Est. reading time\" \/>\n\t<meta name=\"twitter:data1\" content=\"1 minute\" \/>\n<script type=\"application\/ld+json\" class=\"yoast-schema-graph\">{\"@context\":\"https:\/\/schema.org\",\"@graph\":[{\"@type\":\"WebPage\",\"@id\":\"https:\/\/www.v-dala.se\/en\/membership\/membership-fee\/\",\"url\":\"https:\/\/www.v-dala.se\/en\/membership\/membership-fee\/\",\"name\":\"Membership fee - V-Dala nation\",\"isPartOf\":{\"@id\":\"https:\/\/www.v-dala.se\/#website\"},\"datePublished\":\"2014-06-10T11:59:46+00:00\",\"dateModified\":\"2025-11-06T08:20:29+00:00\",\"breadcrumb\":{\"@id\":\"https:\/\/www.v-dala.se\/en\/membership\/membership-fee\/#breadcrumb\"},\"inLanguage\":\"en-US\",\"potentialAction\":[{\"@type\":\"ReadAction\",\"target\":[\"https:\/\/www.v-dala.se\/en\/membership\/membership-fee\/\"]}]},{\"@type\":\"BreadcrumbList\",\"@id\":\"https:\/\/www.v-dala.se\/en\/membership\/membership-fee\/#breadcrumb\",\"itemListElement\":[{\"@type\":\"ListItem\",\"position\":1,\"name\":\"Hem\",\"item\":\"https:\/\/mail.v-dala.se\/en\/\"},{\"@type\":\"ListItem\",\"position\":2,\"name\":\"Membership\",\"item\":\"https:\/\/www.v-dala.se\/en\/membership\/\"},{\"@type\":\"ListItem\",\"position\":3,\"name\":\"Membership fee\"}]},{\"@type\":\"WebSite\",\"@id\":\"https:\/\/www.v-dala.se\/#website\",\"url\":\"https:\/\/www.v-dala.se\/\",\"name\":\"V-Dala nation\",\"description\":\"V\u00e4stmanlands-Dala Nation f\u00f6r Studenternas Nytta och N\u00f6je - sedan 1639\",\"potentialAction\":[{\"@type\":\"SearchAction\",\"target\":{\"@type\":\"EntryPoint\",\"urlTemplate\":\"https:\/\/www.v-dala.se\/?s={search_term_string}\"},\"query-input\":\"required name=search_term_string\"}],\"inLanguage\":\"en-US\"}]}<\/script>\n<!-- \/ Yoast SEO plugin. -->","yoast_head_json":{"title":"Membership fee - V-Dala nation","robots":{"index":"index","follow":"follow","max-snippet":"max-snippet:-1","max-image-preview":"max-image-preview:large","max-video-preview":"max-video-preview:-1"},"canonical":"https:\/\/www.v-dala.se\/en\/membership\/membership-fee\/","og_locale":"en_US","og_type":"article","og_title":"Membership fee - V-Dala nation","og_url":"https:\/\/www.v-dala.se\/en\/membership\/membership-fee\/","og_site_name":"V-Dala nation","article_modified_time":"2025-11-06T08:20:29+00:00","twitter_card":"summary_large_image","twitter_misc":{"Est. reading time":"1 minute"},"schema":{"@context":"https:\/\/schema.org","@graph":[{"@type":"WebPage","@id":"https:\/\/www.v-dala.se\/en\/membership\/membership-fee\/","url":"https:\/\/www.v-dala.se\/en\/membership\/membership-fee\/","name":"Membership fee - V-Dala nation","isPartOf":{"@id":"https:\/\/www.v-dala.se\/#website"},"datePublished":"2014-06-10T11:59:46+00:00","dateModified":"2025-11-06T08:20:29+00:00","breadcrumb":{"@id":"https:\/\/www.v-dala.se\/en\/membership\/membership-fee\/#breadcrumb"},"inLanguage":"en-US","potentialAction":[{"@type":"ReadAction","target":["https:\/\/www.v-dala.se\/en\/membership\/membership-fee\/"]}]},{"@type":"BreadcrumbList","@id":"https:\/\/www.v-dala.se\/en\/membership\/membership-fee\/#breadcrumb","itemListElement":[{"@type":"ListItem","position":1,"name":"Hem","item":"https:\/\/mail.v-dala.se\/en\/"},{"@type":"ListItem","position":2,"name":"Membership","item":"https:\/\/www.v-dala.se\/en\/membership\/"},{"@type":"ListItem","position":3,"name":"Membership fee"}]},{"@type":"WebSite","@id":"https:\/\/www.v-dala.se\/#website","url":"https:\/\/www.v-dala.se\/","name":"V-Dala nation","description":"V\u00e4stmanlands-Dala Nation f\u00f6r Studenternas Nytta och N\u00f6je - sedan 1639","potentialAction":[{"@type":"SearchAction","target":{"@type":"EntryPoint","urlTemplate":"https:\/\/www.v-dala.se\/?s={search_term_string}"},"query-input":"required name=search_term_string"}],"inLanguage":"en-US"}]}},"_links":{"self":[{"href":"https:\/\/mail.v-dala.se.hemsida.eu\/en\/wp-json\/wp\/v2\/pages\/1631"}],"collection":[{"href":"https:\/\/mail.v-dala.se.hemsida.eu\/en\/wp-json\/wp\/v2\/pages"}],"about":[{"href":"https:\/\/mail.v-dala.se.hemsida.eu\/en\/wp-json\/wp\/v2\/types\/page"}],"author":[{"embeddable":true,"href":"https:\/\/mail.v-dala.se.hemsida.eu\/en\/wp-json\/wp\/v2\/users\/29"}],"replies":[{"embeddable":true,"href":"https:\/\/mail.v-dala.se.hemsida.eu\/en\/wp-json\/wp\/v2\/comments?post=1631"}],"version-history":[{"count":6,"href":"https:\/\/mail.v-dala.se.hemsida.eu\/en\/wp-json\/wp\/v2\/pages\/1631\/revisions"}],"predecessor-version":[{"id":35943,"href":"https:\/\/mail.v-dala.se.hemsida.eu\/en\/wp-json\/wp\/v2\/pages\/1631\/revisions\/35943"}],"up":[{"embeddable":true,"href":"https:\/\/mail.v-dala.se.hemsida.eu\/en\/wp-json\/wp\/v2\/pages\/61"}],"wp:attachment":[{"href":"https:\/\/mail.v-dala.se.hemsida.eu\/en\/wp-json\/wp\/v2\/media?parent=1631"}],"curies":[{"name":"wp","href":"https:\/\/api.w.org\/{rel}","templated":true}]}}