{"id":1311,"date":"2014-05-13T14:49:02","date_gmt":"2014-05-13T12:49:02","guid":{"rendered":"http:\/\/vdala.fantasmo.se\/noje-2\/"},"modified":"2025-11-06T05:22:43","modified_gmt":"2025-11-06T04:22:43","slug":"entertainment","status":"publish","type":"page","link":"https:\/\/mail.v-dala.se.hemsida.eu\/en\/entertainment\/","title":{"rendered":"Entertainment"},"content":{"rendered":"<p style=\"color: #4f4f4f;\">The word &#8220;Nation life&#8221; probably makes most people think of student pubs, nights out and spex. Food and drink, dance and entertainment have &#8211; for better or worse (mostly better!) &#8211; been a staple of the Upsalian scholars&#8217; semesters and the mortar holding the bricks of this Stronghold of Joy together. This is mostly thanks to the Nations, and V\u00e4stmanlands-Dala Nation has its place among them with its pub, rock club, choirs, balls and so much more.<\/p>\n<p style=\"color: #4f4f4f;\">Enjoy!<\/p>\n<p style=\"color: #4f4f4f;\">At V-Dala, the Second Curator has the overall responsibility for all activities, but most of the entertainment is performed by our <a href=\"\/en\/associations\">associations<\/a>.<\/p>\n<p>&nbsp;<\/p>\n","protected":false},"excerpt":{"rendered":"The word &#8220;Nation life&#8221; probably makes most people think of student pubs, nights out and spex. Food and drink, dance and entertainment have &#8211; for better or worse (mostly better!) &#8211; been a staple of the Upsalian scholars&#8217; semesters and the mortar holding the bricks of this Stronghold of Joy together. This is mostly thanks&#8230;","protected":false},"author":7,"featured_media":0,"parent":0,"menu_order":0,"comment_status":"open","ping_status":"open","template":"","meta":{"footnotes":""},"acf":[],"yoast_head":"<!-- This site is optimized with the Yoast SEO plugin v21.4 - https:\/\/yoast.com\/wordpress\/plugins\/seo\/ -->\n<title>Entertainment - V-Dala nation<\/title>\n<meta name=\"robots\" content=\"index, follow, max-snippet:-1, max-image-preview:large, max-video-preview:-1\" \/>\n<link rel=\"canonical\" href=\"https:\/\/mail.v-dala.se.hemsida.eu\/en\/entertainment\/\" \/>\n<meta property=\"og:locale\" content=\"en_US\" \/>\n<meta property=\"og:type\" content=\"article\" \/>\n<meta property=\"og:title\" content=\"Entertainment - V-Dala nation\" \/>\n<meta property=\"og:url\" content=\"https:\/\/mail.v-dala.se.hemsida.eu\/en\/entertainment\/\" \/>\n<meta property=\"og:site_name\" content=\"V-Dala nation\" \/>\n<meta property=\"article:modified_time\" content=\"2025-11-06T04:22:43+00:00\" \/>\n<meta name=\"twitter:card\" content=\"summary_large_image\" \/>\n<meta name=\"twitter:label1\" content=\"Est. reading time\" \/>\n\t<meta name=\"twitter:data1\" content=\"1 minute\" \/>\n<script type=\"application\/ld+json\" class=\"yoast-schema-graph\">{\"@context\":\"https:\/\/schema.org\",\"@graph\":[{\"@type\":\"WebPage\",\"@id\":\"https:\/\/mail.v-dala.se.hemsida.eu\/en\/entertainment\/\",\"url\":\"https:\/\/mail.v-dala.se.hemsida.eu\/en\/entertainment\/\",\"name\":\"Entertainment - V-Dala nation\",\"isPartOf\":{\"@id\":\"https:\/\/www.v-dala.se.hemsida.eu\/#website\"},\"datePublished\":\"2014-05-13T12:49:02+00:00\",\"dateModified\":\"2025-11-06T04:22:43+00:00\",\"breadcrumb\":{\"@id\":\"https:\/\/mail.v-dala.se.hemsida.eu\/en\/entertainment\/#breadcrumb\"},\"inLanguage\":\"en-US\",\"potentialAction\":[{\"@type\":\"ReadAction\",\"target\":[\"https:\/\/mail.v-dala.se.hemsida.eu\/en\/entertainment\/\"]}]},{\"@type\":\"BreadcrumbList\",\"@id\":\"https:\/\/mail.v-dala.se.hemsida.eu\/en\/entertainment\/#breadcrumb\",\"itemListElement\":[{\"@type\":\"ListItem\",\"position\":1,\"name\":\"Hem\",\"item\":\"https:\/\/www.v-dala.se.hemsida.eu\/en\/\"},{\"@type\":\"ListItem\",\"position\":2,\"name\":\"Entertainment\"}]},{\"@type\":\"WebSite\",\"@id\":\"https:\/\/www.v-dala.se.hemsida.eu\/#website\",\"url\":\"https:\/\/www.v-dala.se.hemsida.eu\/\",\"name\":\"V-Dala nation\",\"description\":\"V\u00e4stmanlands-Dala Nation f\u00f6r Studenternas Nytta och N\u00f6je - sedan 1639\",\"potentialAction\":[{\"@type\":\"SearchAction\",\"target\":{\"@type\":\"EntryPoint\",\"urlTemplate\":\"https:\/\/www.v-dala.se.hemsida.eu\/?s={search_term_string}\"},\"query-input\":\"required name=search_term_string\"}],\"inLanguage\":\"en-US\"}]}<\/script>\n<!-- \/ Yoast SEO plugin. -->","yoast_head_json":{"title":"Entertainment - V-Dala nation","robots":{"index":"index","follow":"follow","max-snippet":"max-snippet:-1","max-image-preview":"max-image-preview:large","max-video-preview":"max-video-preview:-1"},"canonical":"https:\/\/mail.v-dala.se.hemsida.eu\/en\/entertainment\/","og_locale":"en_US","og_type":"article","og_title":"Entertainment - V-Dala nation","og_url":"https:\/\/mail.v-dala.se.hemsida.eu\/en\/entertainment\/","og_site_name":"V-Dala nation","article_modified_time":"2025-11-06T04:22:43+00:00","twitter_card":"summary_large_image","twitter_misc":{"Est. reading time":"1 minute"},"schema":{"@context":"https:\/\/schema.org","@graph":[{"@type":"WebPage","@id":"https:\/\/mail.v-dala.se.hemsida.eu\/en\/entertainment\/","url":"https:\/\/mail.v-dala.se.hemsida.eu\/en\/entertainment\/","name":"Entertainment - V-Dala nation","isPartOf":{"@id":"https:\/\/www.v-dala.se.hemsida.eu\/#website"},"datePublished":"2014-05-13T12:49:02+00:00","dateModified":"2025-11-06T04:22:43+00:00","breadcrumb":{"@id":"https:\/\/mail.v-dala.se.hemsida.eu\/en\/entertainment\/#breadcrumb"},"inLanguage":"en-US","potentialAction":[{"@type":"ReadAction","target":["https:\/\/mail.v-dala.se.hemsida.eu\/en\/entertainment\/"]}]},{"@type":"BreadcrumbList","@id":"https:\/\/mail.v-dala.se.hemsida.eu\/en\/entertainment\/#breadcrumb","itemListElement":[{"@type":"ListItem","position":1,"name":"Hem","item":"https:\/\/www.v-dala.se.hemsida.eu\/en\/"},{"@type":"ListItem","position":2,"name":"Entertainment"}]},{"@type":"WebSite","@id":"https:\/\/www.v-dala.se.hemsida.eu\/#website","url":"https:\/\/www.v-dala.se.hemsida.eu\/","name":"V-Dala nation","description":"V\u00e4stmanlands-Dala Nation f\u00f6r Studenternas Nytta och N\u00f6je - sedan 1639","potentialAction":[{"@type":"SearchAction","target":{"@type":"EntryPoint","urlTemplate":"https:\/\/www.v-dala.se.hemsida.eu\/?s={search_term_string}"},"query-input":"required name=search_term_string"}],"inLanguage":"en-US"}]}},"_links":{"self":[{"href":"https:\/\/mail.v-dala.se.hemsida.eu\/en\/wp-json\/wp\/v2\/pages\/1311"}],"collection":[{"href":"https:\/\/mail.v-dala.se.hemsida.eu\/en\/wp-json\/wp\/v2\/pages"}],"about":[{"href":"https:\/\/mail.v-dala.se.hemsida.eu\/en\/wp-json\/wp\/v2\/types\/page"}],"author":[{"embeddable":true,"href":"https:\/\/mail.v-dala.se.hemsida.eu\/en\/wp-json\/wp\/v2\/users\/7"}],"replies":[{"embeddable":true,"href":"https:\/\/mail.v-dala.se.hemsida.eu\/en\/wp-json\/wp\/v2\/comments?post=1311"}],"version-history":[{"count":6,"href":"https:\/\/mail.v-dala.se.hemsida.eu\/en\/wp-json\/wp\/v2\/pages\/1311\/revisions"}],"predecessor-version":[{"id":35885,"href":"https:\/\/mail.v-dala.se.hemsida.eu\/en\/wp-json\/wp\/v2\/pages\/1311\/revisions\/35885"}],"wp:attachment":[{"href":"https:\/\/mail.v-dala.se.hemsida.eu\/en\/wp-json\/wp\/v2\/media?parent=1311"}],"curies":[{"name":"wp","href":"https:\/\/api.w.org\/{rel}","templated":true}]}}