{"id":1282,"date":"2014-05-13T12:20:17","date_gmt":"2014-05-13T10:20:17","guid":{"rendered":"http:\/\/vdala.fantasmo.se\/about-the-nation\/vannationer\/"},"modified":"2025-11-06T05:44:07","modified_gmt":"2025-11-06T04:44:07","slug":"sister-nations","status":"publish","type":"page","link":"https:\/\/mail.v-dala.se.hemsida.eu\/en\/about-the-nation\/sister-nations\/","title":{"rendered":"Sister nations"},"content":{"rendered":"<p style=\"color: #4f4f4f;\"><span style=\"color: #444444;\">Through the ages, V-Dala has made friends among the nations in countries around the Baltic sea. The purpose of these sister nations was originally to provide &#8220;embassies&#8221; for student exchange between the universities, but at present the relationships are of a purely social nature.<\/span><\/p>\n<p style=\"color: #4f4f4f;\"><a style=\"color: #004d81;\" href=\"http:\/\/www.helsinki.fi\/jarj\/ko\/\" target=\"_self\" rel=\"noopener\">Karjalainen Osakunta<\/a>\u00a0at the University of Helsinki<br \/>\n<a style=\"color: #004d81;\" href=\"http:\/\/www.helsinki.fi\/jarj\/wio\/\" target=\"_self\" rel=\"noopener\">Wiipurilainen Osakunta<\/a>\u00a0at the University of Helsinki<br \/>\n<a style=\"color: #004d81;\" href=\"http:\/\/www.ofn.fi\/\" target=\"_self\" rel=\"noopener\">\u00d6stra Finlands nation<\/a>\u00a0at the University of Helsinki<br \/>\n<a style=\"color: #004d81;\" href=\"http:\/\/www.helsingkrona.se\/\" target=\"_self\" rel=\"noopener\">Helsingborgs-Landskrona nation<\/a>\u00a0at Lund University<br \/>\n<a style=\"color: #004d81;\" href=\"http:\/\/www.vironia.ee\/\" target=\"_self\" rel=\"noopener\">Korporatsioon Vironia<\/a>\u00a0at Tallinn University<br \/>\n<a href=\"http:\/\/www.enys.ee\/\">Eesti Nais\u00fcli\u00f5pilaste selts<\/a>\u00a0at the University of Tartu<\/p>\n<p style=\"color: #4f4f4f;\"><a style=\"color: #004d81;\" href=\"http:\/\/ghdala.nationerna.com\/\" target=\"_self\" rel=\"noopener\">G\u00e4strike H\u00e4lsinge Dala nation<\/a>\u00a0at Ume\u00e5 University<br \/>\n<a style=\"color: #004d81;\" href=\"http:\/\/www.norrlandsnation.se\/\" target=\"_self\" rel=\"noopener\">Norrlands nation<\/a>\u00a0at Uppsala University<br \/>\n<a style=\"color: #004d81;\" href=\"http:\/\/karen.abo.fi\/special\/offen\/\" target=\"_self\" rel=\"noopener\">\u00d6stra Finlands nation<\/a>\u00a0at \u00c5bo Akademi University<\/p>\n","protected":false},"excerpt":{"rendered":"Through the ages, V-Dala has made friends among the nations in countries around the Baltic sea. The purpose of these sister nations was originally to provide &#8220;embassies&#8221; for student exchange between the universities, but at present the relationships are of a purely social nature. Karjalainen Osakunta\u00a0at the University of Helsinki Wiipurilainen Osakunta\u00a0at the University of&#8230;","protected":false},"author":7,"featured_media":0,"parent":55,"menu_order":0,"comment_status":"open","ping_status":"open","template":"","meta":{"footnotes":""},"acf":[],"yoast_head":"<!-- This site is optimized with the Yoast SEO plugin v21.4 - https:\/\/yoast.com\/wordpress\/plugins\/seo\/ -->\n<title>Sister nations - V-Dala nation<\/title>\n<meta name=\"robots\" content=\"index, follow, max-snippet:-1, max-image-preview:large, max-video-preview:-1\" \/>\n<link rel=\"canonical\" href=\"https:\/\/mail.v-dala.se.hemsida.eu\/en\/about-the-nation\/sister-nations\/\" \/>\n<meta property=\"og:locale\" content=\"en_US\" \/>\n<meta property=\"og:type\" content=\"article\" \/>\n<meta property=\"og:title\" content=\"Sister nations - V-Dala nation\" \/>\n<meta property=\"og:url\" content=\"https:\/\/mail.v-dala.se.hemsida.eu\/en\/about-the-nation\/sister-nations\/\" \/>\n<meta property=\"og:site_name\" content=\"V-Dala nation\" \/>\n<meta property=\"article:modified_time\" content=\"2025-11-06T04:44:07+00:00\" \/>\n<meta name=\"twitter:card\" content=\"summary_large_image\" \/>\n<meta name=\"twitter:label1\" content=\"Est. reading time\" \/>\n\t<meta name=\"twitter:data1\" content=\"1 minute\" \/>\n<script type=\"application\/ld+json\" class=\"yoast-schema-graph\">{\"@context\":\"https:\/\/schema.org\",\"@graph\":[{\"@type\":\"WebPage\",\"@id\":\"https:\/\/mail.v-dala.se.hemsida.eu\/en\/about-the-nation\/sister-nations\/\",\"url\":\"https:\/\/mail.v-dala.se.hemsida.eu\/en\/about-the-nation\/sister-nations\/\",\"name\":\"Sister nations - V-Dala nation\",\"isPartOf\":{\"@id\":\"https:\/\/www.v-dala.se.hemsida.eu\/#website\"},\"datePublished\":\"2014-05-13T10:20:17+00:00\",\"dateModified\":\"2025-11-06T04:44:07+00:00\",\"breadcrumb\":{\"@id\":\"https:\/\/mail.v-dala.se.hemsida.eu\/en\/about-the-nation\/sister-nations\/#breadcrumb\"},\"inLanguage\":\"en-US\",\"potentialAction\":[{\"@type\":\"ReadAction\",\"target\":[\"https:\/\/mail.v-dala.se.hemsida.eu\/en\/about-the-nation\/sister-nations\/\"]}]},{\"@type\":\"BreadcrumbList\",\"@id\":\"https:\/\/mail.v-dala.se.hemsida.eu\/en\/about-the-nation\/sister-nations\/#breadcrumb\",\"itemListElement\":[{\"@type\":\"ListItem\",\"position\":1,\"name\":\"Hem\",\"item\":\"https:\/\/www.v-dala.se.hemsida.eu\/en\/\"},{\"@type\":\"ListItem\",\"position\":2,\"name\":\"About the Nation\",\"item\":\"https:\/\/v-dala.se\/en\/about-the-nation\/\"},{\"@type\":\"ListItem\",\"position\":3,\"name\":\"Sister nations\"}]},{\"@type\":\"WebSite\",\"@id\":\"https:\/\/www.v-dala.se.hemsida.eu\/#website\",\"url\":\"https:\/\/www.v-dala.se.hemsida.eu\/\",\"name\":\"V-Dala nation\",\"description\":\"V\u00e4stmanlands-Dala Nation f\u00f6r Studenternas Nytta och N\u00f6je - sedan 1639\",\"potentialAction\":[{\"@type\":\"SearchAction\",\"target\":{\"@type\":\"EntryPoint\",\"urlTemplate\":\"https:\/\/www.v-dala.se.hemsida.eu\/?s={search_term_string}\"},\"query-input\":\"required name=search_term_string\"}],\"inLanguage\":\"en-US\"}]}<\/script>\n<!-- \/ Yoast SEO plugin. -->","yoast_head_json":{"title":"Sister nations - V-Dala nation","robots":{"index":"index","follow":"follow","max-snippet":"max-snippet:-1","max-image-preview":"max-image-preview:large","max-video-preview":"max-video-preview:-1"},"canonical":"https:\/\/mail.v-dala.se.hemsida.eu\/en\/about-the-nation\/sister-nations\/","og_locale":"en_US","og_type":"article","og_title":"Sister nations - V-Dala nation","og_url":"https:\/\/mail.v-dala.se.hemsida.eu\/en\/about-the-nation\/sister-nations\/","og_site_name":"V-Dala nation","article_modified_time":"2025-11-06T04:44:07+00:00","twitter_card":"summary_large_image","twitter_misc":{"Est. reading time":"1 minute"},"schema":{"@context":"https:\/\/schema.org","@graph":[{"@type":"WebPage","@id":"https:\/\/mail.v-dala.se.hemsida.eu\/en\/about-the-nation\/sister-nations\/","url":"https:\/\/mail.v-dala.se.hemsida.eu\/en\/about-the-nation\/sister-nations\/","name":"Sister nations - V-Dala nation","isPartOf":{"@id":"https:\/\/www.v-dala.se.hemsida.eu\/#website"},"datePublished":"2014-05-13T10:20:17+00:00","dateModified":"2025-11-06T04:44:07+00:00","breadcrumb":{"@id":"https:\/\/mail.v-dala.se.hemsida.eu\/en\/about-the-nation\/sister-nations\/#breadcrumb"},"inLanguage":"en-US","potentialAction":[{"@type":"ReadAction","target":["https:\/\/mail.v-dala.se.hemsida.eu\/en\/about-the-nation\/sister-nations\/"]}]},{"@type":"BreadcrumbList","@id":"https:\/\/mail.v-dala.se.hemsida.eu\/en\/about-the-nation\/sister-nations\/#breadcrumb","itemListElement":[{"@type":"ListItem","position":1,"name":"Hem","item":"https:\/\/www.v-dala.se.hemsida.eu\/en\/"},{"@type":"ListItem","position":2,"name":"About the Nation","item":"https:\/\/v-dala.se\/en\/about-the-nation\/"},{"@type":"ListItem","position":3,"name":"Sister nations"}]},{"@type":"WebSite","@id":"https:\/\/www.v-dala.se.hemsida.eu\/#website","url":"https:\/\/www.v-dala.se.hemsida.eu\/","name":"V-Dala nation","description":"V\u00e4stmanlands-Dala Nation f\u00f6r Studenternas Nytta och N\u00f6je - sedan 1639","potentialAction":[{"@type":"SearchAction","target":{"@type":"EntryPoint","urlTemplate":"https:\/\/www.v-dala.se.hemsida.eu\/?s={search_term_string}"},"query-input":"required name=search_term_string"}],"inLanguage":"en-US"}]}},"_links":{"self":[{"href":"https:\/\/mail.v-dala.se.hemsida.eu\/en\/wp-json\/wp\/v2\/pages\/1282"}],"collection":[{"href":"https:\/\/mail.v-dala.se.hemsida.eu\/en\/wp-json\/wp\/v2\/pages"}],"about":[{"href":"https:\/\/mail.v-dala.se.hemsida.eu\/en\/wp-json\/wp\/v2\/types\/page"}],"author":[{"embeddable":true,"href":"https:\/\/mail.v-dala.se.hemsida.eu\/en\/wp-json\/wp\/v2\/users\/7"}],"replies":[{"embeddable":true,"href":"https:\/\/mail.v-dala.se.hemsida.eu\/en\/wp-json\/wp\/v2\/comments?post=1282"}],"version-history":[{"count":7,"href":"https:\/\/mail.v-dala.se.hemsida.eu\/en\/wp-json\/wp\/v2\/pages\/1282\/revisions"}],"predecessor-version":[{"id":35895,"href":"https:\/\/mail.v-dala.se.hemsida.eu\/en\/wp-json\/wp\/v2\/pages\/1282\/revisions\/35895"}],"up":[{"embeddable":true,"href":"https:\/\/mail.v-dala.se.hemsida.eu\/en\/wp-json\/wp\/v2\/pages\/55"}],"wp:attachment":[{"href":"https:\/\/mail.v-dala.se.hemsida.eu\/en\/wp-json\/wp\/v2\/media?parent=1282"}],"curies":[{"name":"wp","href":"https:\/\/api.w.org\/{rel}","templated":true}]}}