{"id":1219,"date":"2014-05-12T17:09:25","date_gmt":"2014-05-12T15:09:25","guid":{"rendered":"http:\/\/vdala.fantasmo.se\/formaner-2\/"},"modified":"2026-01-26T12:39:38","modified_gmt":"2026-01-26T11:39:38","slug":"benefits","status":"publish","type":"page","link":"https:\/\/mail.v-dala.se.hemsida.eu\/en\/benefits\/","title":{"rendered":"Benefits"},"content":{"rendered":"<p style=\"color: #4f4f4f;\">It is easy, once you get drawn into Nation life with all its parties and escapades, to forget that the Nation is not only a lot of fun, it is good for you too! As a V-Daling, you can rent a room or an apartment from our 1500 nation accomodations, apply for grants and scholarships, borrow course literature from the Nation library and study in the Nation&#8217;s reading rooms. Further, you have access to copy machines. A wireless Internet connection is available throughout the library floor.<\/p>\n<p style=\"color: #4f4f4f;\">Finally, we have personal counselors in case you get in trouble with the law, feel discriminated, if you want more information about alcohol or simply wish to talk to someone about life.<\/p>\n","protected":false},"excerpt":{"rendered":"It is easy, once you get drawn into Nation life with all its parties and escapades, to forget that the Nation is not only a lot of fun, it is good for you too! As a V-Daling, you can rent a room or an apartment from our 1500 nation accomodations, apply for grants and scholarships,&#8230;","protected":false},"author":7,"featured_media":0,"parent":0,"menu_order":0,"comment_status":"open","ping_status":"open","template":"","meta":{"footnotes":""},"acf":[],"yoast_head":"<!-- This site is optimized with the Yoast SEO plugin v21.4 - https:\/\/yoast.com\/wordpress\/plugins\/seo\/ -->\n<title>Benefits - V-Dala nation<\/title>\n<meta name=\"robots\" content=\"index, follow, max-snippet:-1, max-image-preview:large, max-video-preview:-1\" \/>\n<link rel=\"canonical\" href=\"https:\/\/v-dala.se.hemsida.eu\/en\/benefits\/\" \/>\n<meta property=\"og:locale\" content=\"en_US\" \/>\n<meta property=\"og:type\" content=\"article\" \/>\n<meta property=\"og:title\" content=\"Benefits - V-Dala nation\" \/>\n<meta property=\"og:url\" content=\"https:\/\/v-dala.se.hemsida.eu\/en\/benefits\/\" \/>\n<meta property=\"og:site_name\" content=\"V-Dala nation\" \/>\n<meta property=\"article:modified_time\" content=\"2026-01-26T11:39:38+00:00\" \/>\n<meta name=\"twitter:card\" content=\"summary_large_image\" \/>\n<meta name=\"twitter:label1\" content=\"Est. reading time\" \/>\n\t<meta name=\"twitter:data1\" content=\"1 minute\" \/>\n<script type=\"application\/ld+json\" class=\"yoast-schema-graph\">{\"@context\":\"https:\/\/schema.org\",\"@graph\":[{\"@type\":\"WebPage\",\"@id\":\"https:\/\/v-dala.se.hemsida.eu\/en\/benefits\/\",\"url\":\"https:\/\/v-dala.se.hemsida.eu\/en\/benefits\/\",\"name\":\"Benefits - V-Dala nation\",\"isPartOf\":{\"@id\":\"https:\/\/www.v-dala.se.hemsida.eu\/#website\"},\"datePublished\":\"2014-05-12T15:09:25+00:00\",\"dateModified\":\"2026-01-26T11:39:38+00:00\",\"breadcrumb\":{\"@id\":\"https:\/\/v-dala.se.hemsida.eu\/en\/benefits\/#breadcrumb\"},\"inLanguage\":\"en-US\",\"potentialAction\":[{\"@type\":\"ReadAction\",\"target\":[\"https:\/\/v-dala.se.hemsida.eu\/en\/benefits\/\"]}]},{\"@type\":\"BreadcrumbList\",\"@id\":\"https:\/\/v-dala.se.hemsida.eu\/en\/benefits\/#breadcrumb\",\"itemListElement\":[{\"@type\":\"ListItem\",\"position\":1,\"name\":\"Hem\",\"item\":\"https:\/\/www.v-dala.se.hemsida.eu\/en\/\"},{\"@type\":\"ListItem\",\"position\":2,\"name\":\"Benefits\"}]},{\"@type\":\"WebSite\",\"@id\":\"https:\/\/www.v-dala.se.hemsida.eu\/#website\",\"url\":\"https:\/\/www.v-dala.se.hemsida.eu\/\",\"name\":\"V-Dala nation\",\"description\":\"V\u00e4stmanlands-Dala Nation f\u00f6r Studenternas Nytta och N\u00f6je - sedan 1639\",\"potentialAction\":[{\"@type\":\"SearchAction\",\"target\":{\"@type\":\"EntryPoint\",\"urlTemplate\":\"https:\/\/www.v-dala.se.hemsida.eu\/?s={search_term_string}\"},\"query-input\":\"required name=search_term_string\"}],\"inLanguage\":\"en-US\"}]}<\/script>\n<!-- \/ Yoast SEO plugin. -->","yoast_head_json":{"title":"Benefits - V-Dala nation","robots":{"index":"index","follow":"follow","max-snippet":"max-snippet:-1","max-image-preview":"max-image-preview:large","max-video-preview":"max-video-preview:-1"},"canonical":"https:\/\/v-dala.se.hemsida.eu\/en\/benefits\/","og_locale":"en_US","og_type":"article","og_title":"Benefits - V-Dala nation","og_url":"https:\/\/v-dala.se.hemsida.eu\/en\/benefits\/","og_site_name":"V-Dala nation","article_modified_time":"2026-01-26T11:39:38+00:00","twitter_card":"summary_large_image","twitter_misc":{"Est. reading time":"1 minute"},"schema":{"@context":"https:\/\/schema.org","@graph":[{"@type":"WebPage","@id":"https:\/\/v-dala.se.hemsida.eu\/en\/benefits\/","url":"https:\/\/v-dala.se.hemsida.eu\/en\/benefits\/","name":"Benefits - V-Dala nation","isPartOf":{"@id":"https:\/\/www.v-dala.se.hemsida.eu\/#website"},"datePublished":"2014-05-12T15:09:25+00:00","dateModified":"2026-01-26T11:39:38+00:00","breadcrumb":{"@id":"https:\/\/v-dala.se.hemsida.eu\/en\/benefits\/#breadcrumb"},"inLanguage":"en-US","potentialAction":[{"@type":"ReadAction","target":["https:\/\/v-dala.se.hemsida.eu\/en\/benefits\/"]}]},{"@type":"BreadcrumbList","@id":"https:\/\/v-dala.se.hemsida.eu\/en\/benefits\/#breadcrumb","itemListElement":[{"@type":"ListItem","position":1,"name":"Hem","item":"https:\/\/www.v-dala.se.hemsida.eu\/en\/"},{"@type":"ListItem","position":2,"name":"Benefits"}]},{"@type":"WebSite","@id":"https:\/\/www.v-dala.se.hemsida.eu\/#website","url":"https:\/\/www.v-dala.se.hemsida.eu\/","name":"V-Dala nation","description":"V\u00e4stmanlands-Dala Nation f\u00f6r Studenternas Nytta och N\u00f6je - sedan 1639","potentialAction":[{"@type":"SearchAction","target":{"@type":"EntryPoint","urlTemplate":"https:\/\/www.v-dala.se.hemsida.eu\/?s={search_term_string}"},"query-input":"required name=search_term_string"}],"inLanguage":"en-US"}]}},"_links":{"self":[{"href":"https:\/\/mail.v-dala.se.hemsida.eu\/en\/wp-json\/wp\/v2\/pages\/1219"}],"collection":[{"href":"https:\/\/mail.v-dala.se.hemsida.eu\/en\/wp-json\/wp\/v2\/pages"}],"about":[{"href":"https:\/\/mail.v-dala.se.hemsida.eu\/en\/wp-json\/wp\/v2\/types\/page"}],"author":[{"embeddable":true,"href":"https:\/\/mail.v-dala.se.hemsida.eu\/en\/wp-json\/wp\/v2\/users\/7"}],"replies":[{"embeddable":true,"href":"https:\/\/mail.v-dala.se.hemsida.eu\/en\/wp-json\/wp\/v2\/comments?post=1219"}],"version-history":[{"count":8,"href":"https:\/\/mail.v-dala.se.hemsida.eu\/en\/wp-json\/wp\/v2\/pages\/1219\/revisions"}],"predecessor-version":[{"id":36298,"href":"https:\/\/mail.v-dala.se.hemsida.eu\/en\/wp-json\/wp\/v2\/pages\/1219\/revisions\/36298"}],"wp:attachment":[{"href":"https:\/\/mail.v-dala.se.hemsida.eu\/en\/wp-json\/wp\/v2\/media?parent=1219"}],"curies":[{"name":"wp","href":"https:\/\/api.w.org\/{rel}","templated":true}]}}